{"id":21,"date":"2021-03-06T14:51:24","date_gmt":"2021-03-06T17:51:24","guid":{"rendered":"http:\/\/localhost:8888\/hangar-expo\/?page_id=21"},"modified":"2021-10-16T22:23:51","modified_gmt":"2021-10-17T01:23:51","slug":"historia","status":"publish","type":"page","link":"https:\/\/www.hangar110.com.br\/cartazesquecontamahistoria\/historia\/","title":{"rendered":"Hist\u00f3ria"},"content":{"rendered":"\n<p>A Hist\u00f3ria pode ser contada de diversas formas, por desenhos e objetos encontrados em um sarc\u00f3fago no interior de uma pir\u00e2mide, por documentos guardados em um mosteiro na Fran\u00e7a, pelas pinturas pr\u00e9-hist\u00f3ricas no sert\u00e3o pernambucano. Cren\u00e7as, rituais, festas, bebidas, m\u00fasica, sabemos de tudo porque os povos deixaram rastros para que pud\u00e9ssemos decifr\u00e1-los.<\/p>\n\n\n\n<p>Nesses 23 anos de Hangar110 deixamos nossos rastros, juntamos mais de 2100 cartazes e junto com algumas mem\u00f3rias, vamos contar um pouco da hist\u00f3ria do nosso querido templo do rock paulistano. Muitos desses cartazes s\u00e3o verdadeiros garimpos arqueol\u00f3gicos, c\u00f3pia da c\u00f3pia da c\u00f3pia. Alguns em papel, outros em disketes e cds. A qualidade deixa um pouco a desejar em alguns casos, mas o mais importante \u00e9 o registro. Devemos tamb\u00e9m relevar algumas linguagens que na \u00e9poca n\u00e3o eram ofensivas, mas que hoje n\u00e3o seriam adotadas. Muitas das artes foram feitas pelo Hangar, por\u00e9m outras tantas por bandas ou por amigos das bandas, sendo imposs\u00edvel credit\u00e1-las. Este site tem \u00fanica e exclusivamente a fun\u00e7\u00e3o de resgatar uma parte da hist\u00f3ria da cultura paulistana, sem fins lucrativos.<\/p>\n\n\n\n<p>J\u00e1 se v\u00e3o alguns anos que pretend\u00edamos executar esse projeto, por\u00e9m, foi justamente no per\u00edodo de pandemia do covid-19 que atrav\u00e9s da Secretaria Especial da Cultura do Governo de S\u00e3o Paulo,  Lei Aldir Blanc, que conseguimos torn\u00e1-lo realidade.<\/p>\n\n\n\n<p>Tudo come\u00e7ou em meados de 1997, a cidade de S\u00e3o Paulo estava repleta de bandas independentes. Boas bandas, bons discos, bom p\u00fablico, por\u00e9m havia alguma coisa que n\u00e3o completava o cen\u00e1rio, lugar para as bandas se apresentarem. Em sua grande maioria eram lugares pequenos, alguns de improviso. E foi nesse contexto que decidimos abra\u00e7ar a id\u00e9ia de abrir um espa\u00e7o para a arte independente. Nossa id\u00e9ia inicial era voltada a m\u00fasica, teatro, dan\u00e7a, ou seja, tudo que englobasse a arte underground. Por\u00e9m, e sempre tem os por\u00e9ns na hist\u00f3ria da humanidade, a m\u00fasica \u00e9 que realmente deu a cara ao lugar. Talvez pelo Hangar110&nbsp;ter sido idealizado pelo casal Cilmara e Marco Badin, e este ter participado nos anos 80 como vocalista da n\u00e3o t\u00e3o famosa banda punk Anarkoolatras.<\/p>\n\n\n\n<p><br>A largada dessa hist\u00f3ria foi o grande dia 17 de outubro de 1998, um show para cerca de 200 pessoas. Uma mistura de moicanos, alfinetes e skate, que contrastava com os familiares dos s\u00f3cios, que diga-se de passagem, ajudaram na reforma do espa\u00e7o.<\/p>\n\n\n\n<p><br>Essa e outras hist\u00f3rias ser\u00e3o contadas ano a ano. Com certeza muita coisa vai ficar de fora, mas faremos o poss\u00edvel para tornar essa jornada divertida. Voc\u00ea mesmo pode ter sido o protagonista de alguma delas e ter abrilhantado a trajet\u00f3ria desse lugar, que atrav\u00e9s de gera\u00e7\u00f5es forjou car\u00e1ter, criou relacionamentos, juntou pessoas que por sua vez formaram fam\u00edlias ou grandes amizades.<br><\/p>\n\n\n\n<p>Tamb\u00e9m vamos dar uma pincelada nos processos que foram aplicados na confec\u00e7\u00e3o das artes dos cartazes, tentar tra\u00e7ar uma trajet\u00f3ria da evolu\u00e7\u00e3o tecnol\u00f3gica que nos possibilitou fazer grandes shows e um grande show necessariamente n\u00e3o \u00e9 aquele em que a casa esta lotada, mas aonde existe uma cumplicidade entre banda e p\u00fablico, nem que seja para 20 pessoas.<\/p>\n\n\n\n<p><br>Os processos tiveram uma evolu\u00e7\u00e3o sensacional nos \u00faltimos 30 anos, foram saltos de qualidade nunca antes vistos. Para se ter uma id\u00e9ia, o celular foi lan\u00e7ado no Brasil em 1990 e era um verdadeiro tijolo e hoje \u00e9 praticamente um computador de bolso aonde podemos fazer a arte de um cartaz e divulgar um show em minutos, sem impress\u00e3o, sem desperd\u00edcio de papel e tinta, sem polui\u00e7\u00e3o visual e ambiental. Por\u00e9m a ess\u00eancia permanece, o poder que o cartaz tem em transportar as pessoas para algum momento exato, aquele em que voc\u00ea o viu exposto, seja na loja da Galeria do Rock, no est\u00fadio de ensaio, na loja de instrumentos musicais, na tela do celular ou mesmo no mural do Hangar, a primeira coisa que vem na sua cabe\u00e7a \u00e9 \u201cNESSE EU FUI\u201d.<\/p>\n","protected":false},"excerpt":{"rendered":"<p>A Hist\u00f3ria pode ser contada de diversas formas, por desenhos e objetos encontrados em um sarc\u00f3fago no interior de uma pir\u00e2mide, por documentos guardados em um mosteiro na Fran\u00e7a, pelas pinturas pr\u00e9-hist\u00f3ricas no sert\u00e3o pernambucano. Cren\u00e7as, rituais, festas, bebidas, m\u00fasica, sabemos de tudo porque os povos deixaram rastros para que pud\u00e9ssemos decifr\u00e1-los. Nesses 23 anos [&hellip;]<\/p>\n","protected":false},"author":1,"featured_media":0,"parent":0,"menu_order":0,"comment_status":"closed","ping_status":"closed","template":"page-history.php","meta":{"footnotes":""},"class_list":["post-21","page","type-page","status-publish","hentry"],"_links":{"self":[{"href":"https:\/\/www.hangar110.com.br\/cartazesquecontamahistoria\/wp-json\/wp\/v2\/pages\/21","targetHints":{"allow":["GET"]}}],"collection":[{"href":"https:\/\/www.hangar110.com.br\/cartazesquecontamahistoria\/wp-json\/wp\/v2\/pages"}],"about":[{"href":"https:\/\/www.hangar110.com.br\/cartazesquecontamahistoria\/wp-json\/wp\/v2\/types\/page"}],"author":[{"embeddable":true,"href":"https:\/\/www.hangar110.com.br\/cartazesquecontamahistoria\/wp-json\/wp\/v2\/users\/1"}],"replies":[{"embeddable":true,"href":"https:\/\/www.hangar110.com.br\/cartazesquecontamahistoria\/wp-json\/wp\/v2\/comments?post=21"}],"version-history":[{"count":16,"href":"https:\/\/www.hangar110.com.br\/cartazesquecontamahistoria\/wp-json\/wp\/v2\/pages\/21\/revisions"}],"predecessor-version":[{"id":4754,"href":"https:\/\/www.hangar110.com.br\/cartazesquecontamahistoria\/wp-json\/wp\/v2\/pages\/21\/revisions\/4754"}],"wp:attachment":[{"href":"https:\/\/www.hangar110.com.br\/cartazesquecontamahistoria\/wp-json\/wp\/v2\/media?parent=21"}],"curies":[{"name":"wp","href":"https:\/\/api.w.org\/{rel}","templated":true}]}}