{"id":4269,"date":"2021-06-06T20:09:46","date_gmt":"2021-06-06T23:09:46","guid":{"rendered":"https:\/\/www.hangar110.com.br\/cartazesquecontamahistoria\/?page_id=4269"},"modified":"2021-08-01T17:54:23","modified_gmt":"2021-08-01T20:54:23","slug":"creditos","status":"publish","type":"page","link":"https:\/\/www.hangar110.com.br\/cartazesquecontamahistoria\/creditos\/","title":{"rendered":"Cr\u00e9ditos"},"content":{"rendered":"\n<p>Cilmara Badin &#8211; Pesquisa, Digitaliza\u00e7\u00e3o, Tratamento de Imagem e Revis\u00e3o.<\/p>\n\n\n\n<p>Marco Badin &#8211; Tratamento de Imagem e Texto.<\/p>\n\n\n\n<p>Moshlab Creatives &#8211; Design e Desenvolvimento do site.<\/p>\n\n\n\n<div style=\"height:60px\" aria-hidden=\"true\" class=\"wp-block-spacer\"><\/div>\n\n\n\n<div class=\"wp-block-image\"><figure class=\"aligncenter size-full\"><img loading=\"lazy\" decoding=\"async\" width=\"800\" height=\"73\" src=\"https:\/\/www.hangar110.com.br\/cartazesquecontamahistoria\/wp-content\/uploads\/2021\/08\/logos.png\" alt=\"\" class=\"wp-image-4457\" srcset=\"https:\/\/www.hangar110.com.br\/cartazesquecontamahistoria\/wp-content\/uploads\/2021\/08\/logos.png 800w, https:\/\/www.hangar110.com.br\/cartazesquecontamahistoria\/wp-content\/uploads\/2021\/08\/logos-300x27.png 300w, https:\/\/www.hangar110.com.br\/cartazesquecontamahistoria\/wp-content\/uploads\/2021\/08\/logos-768x70.png 768w\" sizes=\"auto, (max-width: 800px) 100vw, 800px\" \/><\/figure><\/div>\n\n\n\n<p><\/p>\n","protected":false},"excerpt":{"rendered":"<p>Cilmara Badin &#8211; Pesquisa, Digitaliza\u00e7\u00e3o, Tratamento de Imagem e Revis\u00e3o. Marco Badin &#8211; Tratamento de Imagem e Texto. Moshlab Creatives &#8211; Design e Desenvolvimento do site.<\/p>\n","protected":false},"author":2,"featured_media":0,"parent":0,"menu_order":0,"comment_status":"closed","ping_status":"closed","template":"page-history.php","meta":{"footnotes":""},"class_list":["post-4269","page","type-page","status-publish","hentry"],"_links":{"self":[{"href":"https:\/\/www.hangar110.com.br\/cartazesquecontamahistoria\/wp-json\/wp\/v2\/pages\/4269","targetHints":{"allow":["GET"]}}],"collection":[{"href":"https:\/\/www.hangar110.com.br\/cartazesquecontamahistoria\/wp-json\/wp\/v2\/pages"}],"about":[{"href":"https:\/\/www.hangar110.com.br\/cartazesquecontamahistoria\/wp-json\/wp\/v2\/types\/page"}],"author":[{"embeddable":true,"href":"https:\/\/www.hangar110.com.br\/cartazesquecontamahistoria\/wp-json\/wp\/v2\/users\/2"}],"replies":[{"embeddable":true,"href":"https:\/\/www.hangar110.com.br\/cartazesquecontamahistoria\/wp-json\/wp\/v2\/comments?post=4269"}],"version-history":[{"count":14,"href":"https:\/\/www.hangar110.com.br\/cartazesquecontamahistoria\/wp-json\/wp\/v2\/pages\/4269\/revisions"}],"predecessor-version":[{"id":4461,"href":"https:\/\/www.hangar110.com.br\/cartazesquecontamahistoria\/wp-json\/wp\/v2\/pages\/4269\/revisions\/4461"}],"wp:attachment":[{"href":"https:\/\/www.hangar110.com.br\/cartazesquecontamahistoria\/wp-json\/wp\/v2\/media?parent=4269"}],"curies":[{"name":"wp","href":"https:\/\/api.w.org\/{rel}","templated":true}]}}